{"id":32261,"date":"2025-10-23T17:07:57","date_gmt":"2025-10-23T15:07:57","guid":{"rendered":"https:\/\/www.jobsafe.se\/?page_id=32261"},"modified":"2026-04-23T11:00:42","modified_gmt":"2026-04-23T09:00:42","slug":"boka-demo","status":"publish","type":"page","link":"https:\/\/www.jobsafe.se\/sv\/boka-demo\/","title":{"rendered":"Boka demo"},"content":{"rendered":"\t\t<div data-elementor-type=\"wp-page\" data-elementor-id=\"32261\" class=\"elementor elementor-32261\" data-elementor-post-type=\"page\">\n\t\t\t\t<div class=\"elementor-element elementor-element-552aa29b e-flex e-con-boxed e-con e-parent\" data-id=\"552aa29b\" data-element_type=\"container\" data-e-type=\"container\" data-settings=\"{&quot;background_background&quot;:&quot;classic&quot;}\">\n\t\t\t\t\t<div class=\"e-con-inner\">\n\t\t<div class=\"elementor-element elementor-element-3e7df4a e-flex e-con-boxed e-con e-child\" data-id=\"3e7df4a\" data-element_type=\"container\" data-e-type=\"container\" data-settings=\"{&quot;background_background&quot;:&quot;classic&quot;}\">\n\t\t\t\t\t<div class=\"e-con-inner\">\n\t\t\t\t<div class=\"elementor-element elementor-element-72515bf5 elementor-widget__width-inherit elementor-widget-laptop__width-inherit elementor-widget-tablet__width-inherit elementor-widget elementor-widget-heading\" data-id=\"72515bf5\" data-element_type=\"widget\" data-e-type=\"widget\" data-widget_type=\"heading.default\">\n\t\t\t\t\t<h1 class=\"elementor-heading-title elementor-size-default\">Demo med Jobsafe<\/h1>\t\t\t\t<\/div>\n\t\t\t\t<div class=\"elementor-element elementor-element-2f5fa2eb elementor-widget__width-initial elementor-widget-laptop__width-initial elementor-widget-tablet_extra__width-initial elementor-widget-tablet__width-inherit elementor-widget elementor-widget-text-editor\" data-id=\"2f5fa2eb\" data-element_type=\"widget\" data-e-type=\"widget\" data-widget_type=\"text-editor.default\">\n\t\t\t\t\t\t\t\t\t<p><span data-teams=\"true\">Uppfyll lagkrav och f\u00e5 full kontroll p\u00e5 certifikat \u2013 boka demo p\u00e5 30 minuter<\/span><\/p>\t\t\t\t\t\t\t\t<\/div>\n\t\t\t\t\t<\/div>\n\t\t\t\t<\/div>\n\t\t\t\t\t<\/div>\n\t\t\t\t<\/div>\n\t\t<div class=\"elementor-element elementor-element-502393aa e-flex e-con-boxed e-con e-parent\" data-id=\"502393aa\" data-element_type=\"container\" data-e-type=\"container\" id=\"form\" data-settings=\"{&quot;background_background&quot;:&quot;classic&quot;}\">\n\t\t\t\t\t<div class=\"e-con-inner\">\n\t\t<div class=\"elementor-element elementor-element-5534b842 e-flex e-con-boxed e-con e-child\" data-id=\"5534b842\" data-element_type=\"container\" data-e-type=\"container\">\n\t\t\t\t\t<div class=\"e-con-inner\">\n\t\t\t\t<div class=\"elementor-element elementor-element-6321d17a elementor-widget elementor-widget-heading\" data-id=\"6321d17a\" data-element_type=\"widget\" data-e-type=\"widget\" data-widget_type=\"heading.default\">\n\t\t\t\t\t<h2 class=\"elementor-heading-title elementor-size-default\">L\u00e5t Jobsafe hantera era utbildningar!<\/h2>\t\t\t\t<\/div>\n\t\t\t\t<div class=\"elementor-element elementor-element-1ad308b6 elementor-widget elementor-widget-heading\" data-id=\"1ad308b6\" data-element_type=\"widget\" data-e-type=\"widget\" data-widget_type=\"heading.default\">\n\t\t\t\t\t<h3 class=\"elementor-heading-title elementor-size-default\">Fr\u00e5n kravutbildningar till certifikat\u00f6versikt \u2013 enkelt, digitalt och kostnadseffektivt.<\/h3>\t\t\t\t<\/div>\n\t\t\t\t<div class=\"elementor-element elementor-element-64474f3b elementor-widget__width-inherit elementor-widget elementor-widget-text-editor\" data-id=\"64474f3b\" data-element_type=\"widget\" data-e-type=\"widget\" data-widget_type=\"text-editor.default\">\n\t\t\t\t\t\t\t\t\t<p>P\u00e5 ca 30 minuter visar vi hur Jobsafe hj\u00e4lper er att:<\/p><ul><li>F\u00e5 <strong>full \u00f6verblick<\/strong> \u00f6ver utbildningar och certifikat.<\/li><li><strong>Automatisera p\u00e5minnelser<\/strong> och s\u00e4kerst\u00e4lla r\u00e4tt kompetens.<\/li><li><strong>Uppfylla lagkrav<\/strong> med komplett dokumentation.<\/li><li><strong>Spara tid<\/strong> och slippa manuella Excelfiler.<\/li><li><strong>Arbeta flexibelt<\/strong> \u2013 utan att veta exakta behov i f\u00f6rv\u00e4g.<\/li><\/ul><p><strong>Boka en kostnadsfri demo<\/strong> och se hur ni kan effektivisera utbildningsarbetet med Jobsafe.<\/p>\t\t\t\t\t\t\t\t<\/div>\n\t\t\t\t<div class=\"elementor-element elementor-element-5fe8404 elementor-align-justify elementor-widget__width-auto button elementor-widget-mobile_extra__width-inherit elementor-hidden-widescreen elementor-hidden-desktop elementor-hidden-laptop elementor-widget elementor-widget-button\" data-id=\"5fe8404\" data-element_type=\"widget\" data-e-type=\"widget\" data-widget_type=\"button.default\">\n\t\t\t\t\t\t\t\t\t\t<a class=\"elementor-button elementor-button-link elementor-size-sm\" href=\"#form\">\n\t\t\t\t\t\t<span class=\"elementor-button-content-wrapper\">\n\t\t\t\t\t\t\t\t\t<span class=\"elementor-button-text\">Boka Demo<\/span>\n\t\t\t\t\t<\/span>\n\t\t\t\t\t<\/a>\n\t\t\t\t\t\t\t\t<\/div>\n\t\t\t\t\t<\/div>\n\t\t\t\t<\/div>\n\t\t\t\t<div class=\"elementor-element elementor-element-1529900b elementor-widget__width-initial elementor-mobile_extra-button-align-center elementor-widget-tablet_extra__width-inherit elementor-button-align-stretch elementor-widget elementor-widget-form\" data-id=\"1529900b\" data-element_type=\"widget\" data-e-type=\"widget\" data-settings=\"{&quot;step_next_label&quot;:&quot;N\\u00e4sta&quot;,&quot;step_previous_label&quot;:&quot;F\\u00f6reg\\u00e5ende&quot;,&quot;button_width&quot;:&quot;100&quot;,&quot;step_type&quot;:&quot;number_text&quot;,&quot;step_icon_shape&quot;:&quot;circle&quot;}\" data-widget_type=\"form.default\">\n\t\t\t\t\t\t\t<form class=\"elementor-form\" method=\"post\" id=\"jobsafe_boka_demo\" name=\"Boka Demo\" aria-label=\"Boka Demo\">\n\t\t\t<input type=\"hidden\" name=\"post_id\" value=\"32261\"\/>\n\t\t\t<input type=\"hidden\" name=\"form_id\" value=\"1529900b\"\/>\n\t\t\t<input type=\"hidden\" name=\"referer_title\" value=\"Boka demo - Jobsafe\" \/>\n\n\t\t\t\t\t\t\t<input type=\"hidden\" name=\"queried_id\" value=\"32261\"\/>\n\t\t\t\n\t\t\t<div class=\"elementor-form-fields-wrapper elementor-labels-above\">\n\t\t\t\t\t\t\t\t<div class=\"elementor-field-type-text elementor-field-group elementor-column elementor-field-group-fornamn elementor-col-100\">\n\t\t\t\t\t\t\t\t\t\t\t\t<label for=\"form-field-fornamn\" class=\"elementor-field-label\">\n\t\t\t\t\t\t\t\tF\u00f6rnamn\t\t\t\t\t\t\t<\/label>\n\t\t\t\t\t\t\t\t\t\t\t\t\t\t<input size=\"1\" type=\"text\" name=\"form_fields[fornamn]\" id=\"form-field-fornamn\" class=\"elementor-field elementor-size-sm  elementor-field-textual\">\n\t\t\t\t\t\t\t\t\t\t\t<\/div>\n\t\t\t\t\t\t\t\t<div class=\"elementor-field-type-text elementor-field-group elementor-column elementor-field-group-efternamn elementor-col-100\">\n\t\t\t\t\t\t\t\t\t\t\t\t<label for=\"form-field-efternamn\" class=\"elementor-field-label\">\n\t\t\t\t\t\t\t\tEfternamn\t\t\t\t\t\t\t<\/label>\n\t\t\t\t\t\t\t\t\t\t\t\t\t\t<input size=\"1\" type=\"text\" name=\"form_fields[efternamn]\" id=\"form-field-efternamn\" class=\"elementor-field elementor-size-sm  elementor-field-textual\">\n\t\t\t\t\t\t\t\t\t\t\t<\/div>\n\t\t\t\t\t\t\t\t<div class=\"elementor-field-type-email elementor-field-group elementor-column elementor-field-group-mailadress elementor-col-100\">\n\t\t\t\t\t\t\t\t\t\t\t\t<label for=\"form-field-mailadress\" class=\"elementor-field-label\">\n\t\t\t\t\t\t\t\tMailadress\t\t\t\t\t\t\t<\/label>\n\t\t\t\t\t\t\t\t\t\t\t\t\t\t<input size=\"1\" type=\"email\" name=\"form_fields[mailadress]\" id=\"form-field-mailadress\" class=\"elementor-field elementor-size-sm  elementor-field-textual\">\n\t\t\t\t\t\t\t\t\t\t\t<\/div>\n\t\t\t\t\t\t\t\t<div class=\"elementor-field-type-tel elementor-field-group elementor-column elementor-field-group-telefon elementor-col-100\">\n\t\t\t\t\t\t\t\t\t\t\t\t<label for=\"form-field-telefon\" class=\"elementor-field-label\">\n\t\t\t\t\t\t\t\tTelefon\t\t\t\t\t\t\t<\/label>\n\t\t\t\t\t\t\t\t<input size=\"1\" type=\"tel\" name=\"form_fields[telefon]\" id=\"form-field-telefon\" class=\"elementor-field elementor-size-sm  elementor-field-textual\" pattern=\"[0-9()#&amp;+*-=.]+\" title=\"Endast siffror och telefontecken (#, -, *, etc) accepteras.\">\n\n\t\t\t\t\t\t<\/div>\n\t\t\t\t\t\t\t\t<div class=\"elementor-field-type-acceptance elementor-field-group elementor-column elementor-field-group-field_d7bca5d elementor-col-100 elementor-field-required\">\n\t\t\t\t\t\t\t<div class=\"elementor-field-subgroup\">\n\t\t\t<span class=\"elementor-field-option\">\n\t\t\t\t<input type=\"checkbox\" name=\"form_fields[field_d7bca5d]\" id=\"form-field-field_d7bca5d\" class=\"elementor-field elementor-size-sm  elementor-acceptance-field\" required=\"required\">\n\t\t\t\t<label for=\"form-field-field_d7bca5d\">Jag godk\u00e4nner <a class=\"form-link\" href=\"\/sv\/allmanna-villkor\/\" target=\"_blank\">Integritetspolicy<\/a><\/label>\t\t\t<\/span>\n\t\t<\/div>\n\t\t\t\t\t\t<\/div>\n\t\t\t\t\t\t\t\t<div class=\"elementor-field-type-recaptcha_v3 elementor-field-group elementor-column elementor-field-group-field_966a5f2 elementor-col-100 recaptcha_v3-inline\">\n\t\t\t\t\t<div class=\"elementor-field\" id=\"form-field-field_966a5f2\"><div class=\"elementor-g-recaptcha\" data-sitekey=\"6Ld5itcZAAAAAFzkP8Tn7RWnfbRYU9LvBmKhBzQj\" data-type=\"v3\" data-action=\"Form\" data-badge=\"inline\" data-size=\"invisible\"><\/div><\/div>\t\t\t\t<\/div>\n\t\t\t\t\t\t\t\t<div class=\"elementor-field-group elementor-column elementor-field-type-submit elementor-col-100 e-form__buttons\">\n\t\t\t\t\t<button class=\"elementor-button elementor-size-sm\" type=\"submit\">\n\t\t\t\t\t\t<span class=\"elementor-button-content-wrapper\">\n\t\t\t\t\t\t\t\t\t\t\t\t\t\t\t\t\t\t\t\t\t\t<span class=\"elementor-button-text\">Boka Demo<\/span>\n\t\t\t\t\t\t\t\t\t\t\t\t\t<\/span>\n\t\t\t\t\t<\/button>\n\t\t\t\t<\/div>\n\t\t\t<\/div>\n\t\t<\/form>\n\t\t\t\t\t\t<\/div>\n\t\t\t\t\t<\/div>\n\t\t\t\t<\/div>\n\t\t<div class=\"elementor-element elementor-element-3035d143 e-flex e-con-boxed e-con e-parent\" data-id=\"3035d143\" data-element_type=\"container\" data-e-type=\"container\" data-settings=\"{&quot;background_background&quot;:&quot;classic&quot;}\">\n\t\t\t\t\t<div class=\"e-con-inner\">\n\t\t\t\t<div class=\"elementor-element elementor-element-5eac7741 elementor-widget__width-initial elementor-widget-tablet_extra__width-inherit square-img elementor-widget elementor-widget-image\" data-id=\"5eac7741\" data-element_type=\"widget\" data-e-type=\"widget\" data-widget_type=\"image.default\">\n\t\t\t\t\t\t\t\t\t\t\t\t\t\t\t<img fetchpriority=\"high\" decoding=\"async\" width=\"1152\" height=\"1728\" src=\"https:\/\/www.jobsafe.se\/wp-content\/uploads\/2025\/10\/INFOBRIC_B2A2833-WEBB.avif\" class=\"attachment-full size-full wp-image-32391\" alt=\"\" srcset=\"https:\/\/www.jobsafe.se\/wp-content\/uploads\/2025\/10\/INFOBRIC_B2A2833-WEBB.avif 1152w, https:\/\/www.jobsafe.se\/wp-content\/uploads\/2025\/10\/INFOBRIC_B2A2833-WEBB-200x300.jpg 200w, https:\/\/www.jobsafe.se\/wp-content\/uploads\/2025\/10\/INFOBRIC_B2A2833-WEBB-683x1024.jpg 683w, https:\/\/www.jobsafe.se\/wp-content\/uploads\/2025\/10\/INFOBRIC_B2A2833-WEBB-768x1152.jpg 768w, https:\/\/www.jobsafe.se\/wp-content\/uploads\/2025\/10\/INFOBRIC_B2A2833-WEBB-1024x1536.jpg 1024w, https:\/\/www.jobsafe.se\/wp-content\/uploads\/2025\/10\/INFOBRIC_B2A2833-WEBB-8x12.jpg 8w, https:\/\/www.jobsafe.se\/wp-content\/uploads\/2025\/10\/INFOBRIC_B2A2833-WEBB-600x900.jpg 600w, https:\/\/www.jobsafe.se\/wp-content\/uploads\/2025\/10\/INFOBRIC_B2A2833-WEBB-333x500.jpg 333w\" sizes=\"(max-width: 1152px) 100vw, 1152px\" \/>\t\t\t\t\t\t\t\t\t\t\t\t\t\t\t<\/div>\n\t\t<div class=\"elementor-element elementor-element-24021a12 e-con-full e-flex e-con e-child\" data-id=\"24021a12\" data-element_type=\"container\" data-e-type=\"container\">\n\t\t\t\t<div class=\"elementor-element elementor-element-5e33d36c elementor-widget elementor-widget-text-editor\" data-id=\"5e33d36c\" data-element_type=\"widget\" data-e-type=\"widget\" data-widget_type=\"text-editor.default\">\n\t\t\t\t\t\t\t\t\t<p><strong><em>&#8221;M\u00e5nga samtal handlar om kravutbildningar och kompetenskrav \u2013 men ocks\u00e5 om hur man faktiskt f\u00e5r koll p\u00e5 allt.&#8221;<\/em><\/strong><\/p><p class=\"right-aligned\">Det ber\u00e4ttar Johan en av Jobsafes kundansvariga.<\/p><p>Varje dag m\u00f6ter han arbetsledare och chefer som vill s\u00e4kerst\u00e4lla att personalen har r\u00e4tt utbildningar, men som saknar en smidig l\u00f6sning f\u00f6r att h\u00e5lla reda p\u00e5 det.<\/p><p><em>&#8221;M\u00e5nga f\u00f6retag sitter fortfarande med excelfiler och manuella p\u00e5minnelser. Det blir snabbt r\u00f6rigt, s\u00e4rskilt n\u00e4r man har m\u00e5nga medarbetare eller jobbar med inhyrd personal. D\u00e4rf\u00f6r blir m\u00e5nga l\u00e4ttade n\u00e4r de ser hur enkelt det kan vara med v\u00e5r tj\u00e4nst&#8221;<\/em>\u00a0s\u00e4ger Johan.<\/p><p>Kompetenskrav inom branschen blir allt tydligare, och samtidigt st\u00e4lls h\u00f6gre krav p\u00e5 sp\u00e5rbarhet, dokumentation och effektiv uppf\u00f6ljning.<\/p><p>Vi hj\u00e4lper dig att b\u00e5de utbilda personalen digitalt och f\u00e5 full kontroll \u00f6ver vilka kompetenser som finns och saknas.<\/p>\t\t\t\t\t\t\t\t<\/div>\n\t\t\t\t<div class=\"elementor-element elementor-element-4f18dce6 elementor-widget elementor-widget-text-editor\" data-id=\"4f18dce6\" data-element_type=\"widget\" data-e-type=\"widget\" data-widget_type=\"text-editor.default\">\n\t\t\t\t\t\t\t\t\t<p><strong>Boka en demo s\u00e5 visar vi hur det fungerar i praktiken.<\/strong><\/p>\t\t\t\t\t\t\t\t<\/div>\n\t\t\t\t<div class=\"elementor-element elementor-element-bc9def3 elementor-align-justify elementor-widget__width-auto button elementor-widget-mobile_extra__width-inherit elementor-widget elementor-widget-button\" data-id=\"bc9def3\" data-element_type=\"widget\" data-e-type=\"widget\" data-widget_type=\"button.default\">\n\t\t\t\t\t\t\t\t\t\t<a class=\"elementor-button elementor-button-link elementor-size-sm\" href=\"#form\">\n\t\t\t\t\t\t<span class=\"elementor-button-content-wrapper\">\n\t\t\t\t\t\t\t\t\t<span class=\"elementor-button-text\">Boka Demo<\/span>\n\t\t\t\t\t<\/span>\n\t\t\t\t\t<\/a>\n\t\t\t\t\t\t\t\t<\/div>\n\t\t\t\t<\/div>\n\t\t\t\t\t<\/div>\n\t\t\t\t<\/div>\n\t\t\t\t<\/div>\n\t\t","protected":false},"excerpt":{"rendered":"<p>Demo med Jobsafe Uppfyll lagkrav och f\u00e5 full kontroll p\u00e5 certifikat \u2013 boka demo p\u00e5 30 minuter L\u00e5t Jobsafe hantera era utbildningar! Fr\u00e5n kravutbildningar till certifikat\u00f6versikt \u2013 enkelt, digitalt och kostnadseffektivt. P\u00e5 ca 30 minuter visar vi hur Jobsafe hj\u00e4lper er att: F\u00e5 full \u00f6verblick \u00f6ver utbildningar och certifikat. Automatisera p\u00e5minnelser och s\u00e4kerst\u00e4lla r\u00e4tt kompetens. [&hellip;]<\/p>\n","protected":false},"author":44,"featured_media":0,"parent":0,"menu_order":0,"comment_status":"closed","ping_status":"closed","template":"","meta":{"_acf_changed":false,"footnotes":""},"class_list":["post-32261","page","type-page","status-publish","hentry"],"acf":[],"yoast_head":"<!-- This site is optimized with the Yoast SEO Premium plugin v22.2 (Yoast SEO v22.2) - https:\/\/yoast.com\/wordpress\/plugins\/seo\/ -->\n<title>Boka demo - Jobsafe<\/title>\n<meta name=\"robots\" content=\"index, follow, max-snippet:-1, max-image-preview:large, max-video-preview:-1\" \/>\n<link rel=\"canonical\" href=\"https:\/\/www.jobsafe.se\/sv\/boka-demo\/\" \/>\n<meta property=\"og:locale\" content=\"sv_SE\" \/>\n<meta property=\"og:type\" content=\"article\" \/>\n<meta property=\"og:title\" content=\"Boka demo\" \/>\n<meta property=\"og:description\" content=\"Demo med Jobsafe Uppfyll lagkrav och f\u00e5 full kontroll p\u00e5 certifikat \u2013 boka demo p\u00e5 30 minuter L\u00e5t Jobsafe hantera era utbildningar! Fr\u00e5n kravutbildningar till certifikat\u00f6versikt \u2013 enkelt, digitalt och kostnadseffektivt. P\u00e5 ca 30 minuter visar vi hur Jobsafe hj\u00e4lper er att: F\u00e5 full \u00f6verblick \u00f6ver utbildningar och certifikat. Automatisera p\u00e5minnelser och s\u00e4kerst\u00e4lla r\u00e4tt kompetens. [&hellip;]\" \/>\n<meta property=\"og:url\" content=\"https:\/\/www.jobsafe.se\/sv\/boka-demo\/\" \/>\n<meta property=\"og:site_name\" content=\"Jobsafe\" \/>\n<meta property=\"article:publisher\" content=\"https:\/\/www.facebook.com\/jobsafesverige\" \/>\n<meta property=\"article:modified_time\" content=\"2026-04-23T09:00:42+00:00\" \/>\n<meta property=\"og:image\" content=\"https:\/\/www.jobsafe.se\/wp-content\/uploads\/2025\/10\/INFOBRIC_B2A2833-WEBB.avif\" \/>\n<meta name=\"twitter:card\" content=\"summary_large_image\" \/>\n<script type=\"application\/ld+json\" class=\"yoast-schema-graph\">{\"@context\":\"https:\/\/schema.org\",\"@graph\":[{\"@type\":\"WebPage\",\"@id\":\"https:\/\/www.jobsafe.se\/boka-demo\/\",\"url\":\"https:\/\/www.jobsafe.se\/boka-demo\/\",\"name\":\"Boka demo - Jobsafe\",\"isPartOf\":{\"@id\":\"https:\/\/www.jobsafe.se\/#website\"},\"primaryImageOfPage\":{\"@id\":\"https:\/\/www.jobsafe.se\/boka-demo\/#primaryimage\"},\"image\":{\"@id\":\"https:\/\/www.jobsafe.se\/boka-demo\/#primaryimage\"},\"thumbnailUrl\":\"https:\/\/www.jobsafe.se\/wp-content\/uploads\/2025\/10\/INFOBRIC_B2A2833-WEBB.avif\",\"datePublished\":\"2025-10-23T15:07:57+00:00\",\"dateModified\":\"2026-04-23T09:00:42+00:00\",\"breadcrumb\":{\"@id\":\"https:\/\/www.jobsafe.se\/boka-demo\/#breadcrumb\"},\"inLanguage\":\"sv-SE\",\"potentialAction\":[{\"@type\":\"ReadAction\",\"target\":[\"https:\/\/www.jobsafe.se\/boka-demo\/\"]}]},{\"@type\":\"ImageObject\",\"inLanguage\":\"sv-SE\",\"@id\":\"https:\/\/www.jobsafe.se\/boka-demo\/#primaryimage\",\"url\":\"https:\/\/www.jobsafe.se\/wp-content\/uploads\/2025\/10\/INFOBRIC_B2A2833-WEBB.avif\",\"contentUrl\":\"https:\/\/www.jobsafe.se\/wp-content\/uploads\/2025\/10\/INFOBRIC_B2A2833-WEBB.avif\",\"width\":1152,\"height\":1728},{\"@type\":\"BreadcrumbList\",\"@id\":\"https:\/\/www.jobsafe.se\/boka-demo\/#breadcrumb\",\"itemListElement\":[{\"@type\":\"ListItem\",\"position\":1,\"name\":\"Hem\",\"item\":\"https:\/\/www.jobsafe.se\/sv\/\"},{\"@type\":\"ListItem\",\"position\":2,\"name\":\"Boka demo\"}]},{\"@type\":\"WebSite\",\"@id\":\"https:\/\/www.jobsafe.se\/#website\",\"url\":\"https:\/\/www.jobsafe.se\/\",\"name\":\"Jobsafe\",\"description\":\"Utbildningar f\u00f6r en s\u00e4ker arbetsplats\",\"publisher\":{\"@id\":\"https:\/\/www.jobsafe.se\/#organization\"},\"potentialAction\":[{\"@type\":\"SearchAction\",\"target\":{\"@type\":\"EntryPoint\",\"urlTemplate\":\"https:\/\/www.jobsafe.se\/?s={search_term_string}\"},\"query-input\":\"required name=search_term_string\"}],\"inLanguage\":\"sv-SE\"},{\"@type\":\"Organization\",\"@id\":\"https:\/\/www.jobsafe.se\/#organization\",\"name\":\"JobSafe EdTech AB\",\"url\":\"https:\/\/www.jobsafe.se\/\",\"logo\":{\"@type\":\"ImageObject\",\"inLanguage\":\"sv-SE\",\"@id\":\"https:\/\/www.jobsafe.se\/#\/schema\/logo\/image\/\",\"url\":\"https:\/\/www.jobsafe.se\/wp-content\/uploads\/2025\/10\/js-logo-2026.svg\",\"contentUrl\":\"https:\/\/www.jobsafe.se\/wp-content\/uploads\/2025\/10\/js-logo-2026.svg\",\"width\":683,\"height\":544,\"caption\":\"JobSafe EdTech AB\"},\"image\":{\"@id\":\"https:\/\/www.jobsafe.se\/#\/schema\/logo\/image\/\"},\"sameAs\":[\"https:\/\/www.facebook.com\/jobsafesverige\"]}]}<\/script>\n<!-- \/ Yoast SEO Premium plugin. -->","yoast_head_json":{"title":"Boka demo - Jobsafe","robots":{"index":"index","follow":"follow","max-snippet":"max-snippet:-1","max-image-preview":"max-image-preview:large","max-video-preview":"max-video-preview:-1"},"canonical":"https:\/\/www.jobsafe.se\/sv\/boka-demo\/","og_locale":"sv_SE","og_type":"article","og_title":"Boka demo","og_description":"Demo med Jobsafe Uppfyll lagkrav och f\u00e5 full kontroll p\u00e5 certifikat \u2013 boka demo p\u00e5 30 minuter L\u00e5t Jobsafe hantera era utbildningar! Fr\u00e5n kravutbildningar till certifikat\u00f6versikt \u2013 enkelt, digitalt och kostnadseffektivt. P\u00e5 ca 30 minuter visar vi hur Jobsafe hj\u00e4lper er att: F\u00e5 full \u00f6verblick \u00f6ver utbildningar och certifikat. Automatisera p\u00e5minnelser och s\u00e4kerst\u00e4lla r\u00e4tt kompetens. [&hellip;]","og_url":"https:\/\/www.jobsafe.se\/sv\/boka-demo\/","og_site_name":"Jobsafe","article_publisher":"https:\/\/www.facebook.com\/jobsafesverige","article_modified_time":"2026-04-23T09:00:42+00:00","og_image":[{"url":"https:\/\/www.jobsafe.se\/wp-content\/uploads\/2025\/10\/INFOBRIC_B2A2833-WEBB.avif"}],"twitter_card":"summary_large_image","schema":{"@context":"https:\/\/schema.org","@graph":[{"@type":"WebPage","@id":"https:\/\/www.jobsafe.se\/boka-demo\/","url":"https:\/\/www.jobsafe.se\/boka-demo\/","name":"Boka demo - Jobsafe","isPartOf":{"@id":"https:\/\/www.jobsafe.se\/#website"},"primaryImageOfPage":{"@id":"https:\/\/www.jobsafe.se\/boka-demo\/#primaryimage"},"image":{"@id":"https:\/\/www.jobsafe.se\/boka-demo\/#primaryimage"},"thumbnailUrl":"https:\/\/www.jobsafe.se\/wp-content\/uploads\/2025\/10\/INFOBRIC_B2A2833-WEBB.avif","datePublished":"2025-10-23T15:07:57+00:00","dateModified":"2026-04-23T09:00:42+00:00","breadcrumb":{"@id":"https:\/\/www.jobsafe.se\/boka-demo\/#breadcrumb"},"inLanguage":"sv-SE","potentialAction":[{"@type":"ReadAction","target":["https:\/\/www.jobsafe.se\/boka-demo\/"]}]},{"@type":"ImageObject","inLanguage":"sv-SE","@id":"https:\/\/www.jobsafe.se\/boka-demo\/#primaryimage","url":"https:\/\/www.jobsafe.se\/wp-content\/uploads\/2025\/10\/INFOBRIC_B2A2833-WEBB.avif","contentUrl":"https:\/\/www.jobsafe.se\/wp-content\/uploads\/2025\/10\/INFOBRIC_B2A2833-WEBB.avif","width":1152,"height":1728},{"@type":"BreadcrumbList","@id":"https:\/\/www.jobsafe.se\/boka-demo\/#breadcrumb","itemListElement":[{"@type":"ListItem","position":1,"name":"Hem","item":"https:\/\/www.jobsafe.se\/sv\/"},{"@type":"ListItem","position":2,"name":"Boka demo"}]},{"@type":"WebSite","@id":"https:\/\/www.jobsafe.se\/#website","url":"https:\/\/www.jobsafe.se\/","name":"Jobsafe","description":"Utbildningar f\u00f6r en s\u00e4ker arbetsplats","publisher":{"@id":"https:\/\/www.jobsafe.se\/#organization"},"potentialAction":[{"@type":"SearchAction","target":{"@type":"EntryPoint","urlTemplate":"https:\/\/www.jobsafe.se\/?s={search_term_string}"},"query-input":"required name=search_term_string"}],"inLanguage":"sv-SE"},{"@type":"Organization","@id":"https:\/\/www.jobsafe.se\/#organization","name":"JobSafe EdTech AB","url":"https:\/\/www.jobsafe.se\/","logo":{"@type":"ImageObject","inLanguage":"sv-SE","@id":"https:\/\/www.jobsafe.se\/#\/schema\/logo\/image\/","url":"https:\/\/www.jobsafe.se\/wp-content\/uploads\/2025\/10\/js-logo-2026.svg","contentUrl":"https:\/\/www.jobsafe.se\/wp-content\/uploads\/2025\/10\/js-logo-2026.svg","width":683,"height":544,"caption":"JobSafe EdTech AB"},"image":{"@id":"https:\/\/www.jobsafe.se\/#\/schema\/logo\/image\/"},"sameAs":["https:\/\/www.facebook.com\/jobsafesverige"]}]}},"_links":{"self":[{"href":"https:\/\/www.jobsafe.se\/sv\/wp-json\/wp\/v2\/pages\/32261","targetHints":{"allow":["GET"]}}],"collection":[{"href":"https:\/\/www.jobsafe.se\/sv\/wp-json\/wp\/v2\/pages"}],"about":[{"href":"https:\/\/www.jobsafe.se\/sv\/wp-json\/wp\/v2\/types\/page"}],"author":[{"embeddable":true,"href":"https:\/\/www.jobsafe.se\/sv\/wp-json\/wp\/v2\/users\/44"}],"replies":[{"embeddable":true,"href":"https:\/\/www.jobsafe.se\/sv\/wp-json\/wp\/v2\/comments?post=32261"}],"version-history":[{"count":52,"href":"https:\/\/www.jobsafe.se\/sv\/wp-json\/wp\/v2\/pages\/32261\/revisions"}],"predecessor-version":[{"id":38304,"href":"https:\/\/www.jobsafe.se\/sv\/wp-json\/wp\/v2\/pages\/32261\/revisions\/38304"}],"wp:attachment":[{"href":"https:\/\/www.jobsafe.se\/sv\/wp-json\/wp\/v2\/media?parent=32261"}],"curies":[{"name":"wp","href":"https:\/\/api.w.org\/{rel}","templated":true}]}}