{"id":421,"date":"2021-04-21T16:46:11","date_gmt":"2021-04-21T14:46:11","guid":{"rendered":"http:\/\/dev.jobsafe.se\/?page_id=421"},"modified":"2026-01-27T15:38:55","modified_gmt":"2026-01-27T14:38:55","slug":"kontakta-oss","status":"publish","type":"page","link":"https:\/\/www.jobsafe.se\/sv\/kontakta-oss\/","title":{"rendered":"Kontakta oss"},"content":{"rendered":"\t\t<div data-elementor-type=\"wp-page\" data-elementor-id=\"421\" class=\"elementor elementor-421\" data-elementor-post-type=\"page\">\n\t\t\t\t<div class=\"elementor-element elementor-element-b3a204a e-con-full e-flex e-con e-parent\" data-id=\"b3a204a\" data-element_type=\"container\" data-e-type=\"container\" data-settings=\"{&quot;background_background&quot;:&quot;classic&quot;}\">\n\t\t\t\t<div class=\"elementor-element elementor-element-4fbeadd elementor-align-justify elementor-widget__width-inherit elementor-widget elementor-widget-global elementor-global-32541 elementor-widget-button\" data-id=\"4fbeadd\" data-element_type=\"widget\" data-e-type=\"widget\" data-widget_type=\"button.default\">\n\t\t\t\t\t\t\t\t\t\t<a class=\"elementor-button elementor-button-link elementor-size-sm\" href=\"https:\/\/www.jobsafe.se\/sv\/kampanj\/\">\n\t\t\t\t\t\t<span class=\"elementor-button-content-wrapper\">\n\t\t\t\t\t\t\t\t\t<span class=\"elementor-button-text\">Just nu spara 30% p\u00e5 alla onlineutbildningar!<\/span>\n\t\t\t\t\t<\/span>\n\t\t\t\t\t<\/a>\n\t\t\t\t\t\t\t\t<\/div>\n\t\t\t\t<\/div>\n\t\t<div class=\"elementor-element elementor-element-6ec03b9 e-flex e-con-boxed e-con e-parent\" data-id=\"6ec03b9\" data-element_type=\"container\" data-e-type=\"container\" data-settings=\"{&quot;background_background&quot;:&quot;classic&quot;}\">\n\t\t\t\t\t<div class=\"e-con-inner\">\n\t\t<div class=\"elementor-element elementor-element-3be3b53 e-flex e-con-boxed e-con e-child\" data-id=\"3be3b53\" data-element_type=\"container\" data-e-type=\"container\">\n\t\t\t\t\t<div class=\"e-con-inner\">\n\t\t\t\t<div class=\"elementor-element elementor-element-40b15e3 uael-shape-rounded uael-member-image-pos-above uael-team-member-align-center elementor-widget elementor-widget-uael-team-member\" data-id=\"40b15e3\" data-element_type=\"widget\" data-e-type=\"widget\" data-widget_type=\"uael-team-member.default\">\n\t\t\t\t<div class=\"elementor-widget-container\">\n\t\t\t\t\t\t\t<div class=\"uael-team-member\">\n\t\t\t<div class = \"uael-team-member-wrap\" >\n\t\t\t\t<div class=\"uael-member-wrap\" >\n\t\t\t\t\t\t\t\t\t\t\t\t\t\t\t<div class=\"uael-team-member-content\">\n\t\t\t\t\t\t\t\t\t\t\t<div class=\"uael-team-member-name\">\n\t\t\t\t\t\t<h3 class=\"uael-team-name\">Support<\/h3>\t\t\t\t\t\t<\/div>\n\t\t\t\t\t\t\t\t\t\t\t\t\t\t\t\t\t\t\t\t\t\t\t\t\t\t\t\t\t\t\t\t\t\t\t\t\t<div class=\"uael-team-member-desc\">\n\t\t\t\t\t\t\t<div class=\"uael-team-desc\"><a href=\"https:\/\/support-jobsafe.infobric.com\/sv\/\">Chatt &amp; Hj\u00e4lpartiklar<\/a><\/div>\n\t\t\t\t\t\t<\/div>\n\t\t\t\t\t\t\t\t\t\t\t\t\t\t\t\t\t\t\t<\/div>\n\t\t\t<\/div>\n\t\t<\/div>\n\t<\/div>\n\t\t\t\t\t\t<\/div>\n\t\t\t\t<\/div>\n\t\t\t\t<div class=\"elementor-element elementor-element-32f70238 uael-shape-rounded uael-member-image-pos-above uael-team-member-align-center elementor-widget elementor-widget-uael-team-member\" data-id=\"32f70238\" data-element_type=\"widget\" data-e-type=\"widget\" data-widget_type=\"uael-team-member.default\">\n\t\t\t\t<div class=\"elementor-widget-container\">\n\t\t\t\t\t\t\t<div class=\"uael-team-member\">\n\t\t\t<div class = \"uael-team-member-wrap\" >\n\t\t\t\t<div class=\"uael-member-wrap\" >\n\t\t\t\t\t\t\t\t\t\t\t\t\t\t\t<div class=\"uael-team-member-content\">\n\t\t\t\t\t\t\t\t\t\t\t\t\t\t\t\t\t\t\t\t\t\t\t\t\t\t\t\t\t\t\t\t\t\t\t\t\t<div class=\"uael-team-member-desc\">\n\t\t\t\t\t\t\t<div class=\"uael-team-desc\"><a href=\"mailto:support@infobric.se\">support@infobric.se<\/a><\/div>\n\t\t\t\t\t\t<\/div>\n\t\t\t\t\t\t\t\t\t\t\t\t\t\t\t\t\t\t\t<\/div>\n\t\t\t<\/div>\n\t\t<\/div>\n\t<\/div>\n\t\t\t\t\t\t<\/div>\n\t\t\t\t<\/div>\n\t\t\t\t<div class=\"elementor-element elementor-element-64f80dc uael-shape-rounded uael-member-image-pos-above uael-team-member-align-center elementor-widget elementor-widget-uael-team-member\" data-id=\"64f80dc\" data-element_type=\"widget\" data-e-type=\"widget\" data-widget_type=\"uael-team-member.default\">\n\t\t\t\t<div class=\"elementor-widget-container\">\n\t\t\t\t\t\t\t<div class=\"uael-team-member\">\n\t\t\t<div class = \"uael-team-member-wrap\" >\n\t\t\t\t<div class=\"uael-member-wrap\" >\n\t\t\t\t\t\t\t\t\t\t\t\t\t\t\t<div class=\"uael-team-member-content\">\n\t\t\t\t\t\t\t\t\t\t\t\t\t\t\t\t\t\t\t\t\t\t\t\t\t\t\t\t\t\t\t\t\t\t\t\t\t<div class=\"uael-team-member-desc\">\n\t\t\t\t\t\t\t<div class=\"uael-team-desc\"><a href=\"tel:0107095100\">010\u201370 95 100<\/a><\/div>\n\t\t\t\t\t\t<\/div>\n\t\t\t\t\t\t\t\t\t\t\t\t\t\t\t\t\t\t\t<\/div>\n\t\t\t<\/div>\n\t\t<\/div>\n\t<\/div>\n\t\t\t\t\t\t<\/div>\n\t\t\t\t<\/div>\n\t\t\t\t\t<\/div>\n\t\t\t\t<\/div>\n\t\t\t\t\t<\/div>\n\t\t\t\t<\/div>\n\t\t<div class=\"elementor-element elementor-element-1f657a15 e-flex e-con-boxed e-con e-parent\" data-id=\"1f657a15\" data-element_type=\"container\" data-e-type=\"container\" id=\"contact-sales\" data-settings=\"{&quot;background_background&quot;:&quot;classic&quot;}\">\n\t\t\t\t\t<div class=\"e-con-inner\">\n\t\t<div class=\"elementor-element elementor-element-56ed48cf e-con-full e-flex e-con e-child\" data-id=\"56ed48cf\" data-element_type=\"container\" data-e-type=\"container\">\n\t\t\t\t<div class=\"elementor-element elementor-element-2c5a95db elementor-widget elementor-widget-heading\" data-id=\"2c5a95db\" data-element_type=\"widget\" data-e-type=\"widget\" data-widget_type=\"heading.default\">\n\t\t\t\t\t<h3 class=\"elementor-heading-title elementor-size-default\">Beh\u00f6ver du v\u00e4gledning? V\u00e5rt s\u00e4ljteam finns h\u00e4r f\u00f6r att hj\u00e4lpa dig.<\/h3>\t\t\t\t<\/div>\n\t\t<div class=\"elementor-element elementor-element-32933494 e-con-full e-flex e-con e-child\" data-id=\"32933494\" data-element_type=\"container\" data-e-type=\"container\" data-settings=\"{&quot;background_background&quot;:&quot;classic&quot;}\">\n\t\t<div class=\"elementor-element elementor-element-5919802b e-con-full e-flex e-con e-child\" data-id=\"5919802b\" data-element_type=\"container\" data-e-type=\"container\">\n\t\t\t\t<div class=\"elementor-element elementor-element-80cefec uael-shape-rounded elementor-widget__width-inherit uael-member-image-pos-above uael-team-member-align-center elementor-widget elementor-widget-uael-team-member\" data-id=\"80cefec\" data-element_type=\"widget\" data-e-type=\"widget\" data-widget_type=\"uael-team-member.default\">\n\t\t\t\t<div class=\"elementor-widget-container\">\n\t\t\t\t\t\t\t<div class=\"uael-team-member\">\n\t\t\t<div class = \"uael-team-member-wrap\" >\n\t\t\t\t<div class=\"uael-member-wrap\" >\n\t\t\t\t\t\t\t\t\t\t\t\t<div class=\"uael-team-member-image\">\n\t\t\t\t\t\t\t<div class=elementor-animation-><img fetchpriority=\"high\" decoding=\"async\" width=\"867\" height=\"566\" src=\"https:\/\/www.jobsafe.se\/wp-content\/uploads\/2026\/01\/IMG_0169-red3-1.avif\" class=\"attachment-full size-full wp-image-35024\" alt=\"\" srcset=\"https:\/\/www.jobsafe.se\/wp-content\/uploads\/2026\/01\/IMG_0169-red3-1.avif 867w, https:\/\/www.jobsafe.se\/wp-content\/uploads\/2026\/01\/IMG_0169-red3-1-300x196.jpg 300w, https:\/\/www.jobsafe.se\/wp-content\/uploads\/2026\/01\/IMG_0169-red3-1-768x501.jpg 768w, https:\/\/www.jobsafe.se\/wp-content\/uploads\/2026\/01\/IMG_0169-red3-1-18x12.jpg 18w, https:\/\/www.jobsafe.se\/wp-content\/uploads\/2026\/01\/IMG_0169-red3-1-600x392.jpg 600w, https:\/\/www.jobsafe.se\/wp-content\/uploads\/2026\/01\/IMG_0169-red3-1-500x326.jpg 500w\" sizes=\"(max-width: 867px) 100vw, 867px\" \/><\/div>\t\t\t\t\t\t\t<\/div>\n\t\t\t\t\t\t\t\t\t\t\t\t\t\t\t<div class=\"uael-team-member-content\">\n\t\t\t\t\t\t\t\t\t\t\t<div class=\"uael-team-member-name\">\n\t\t\t\t\t\t<h3 class=\"uael-team-name\">Melanie Habib<\/h3>\t\t\t\t\t\t<\/div>\n\t\t\t\t\t\t\t\t\t\t\t\t\t\t\t\t\t\t\t\t\t\t\t\t\t\t\t<div class=\"uael-team-member-designation\">\n\t\t\t\t\t\t\t<div class=\"uael-team-desig\">S\u00e4ljare\t\t\t\t\t\t\t<\/div>\n\t\t\t\t\t\t<\/div>\n\t\t\t\t\t\t\t\t\t\t\t\t\t\t\t\t\t\t\t\t\t\t\t\t\t\t\t<div class=\"uael-team-member-desc\">\n\t\t\t\t\t\t\t<div class=\"uael-team-desc\"><a href=\"mailto:melanie.habib@infobric.com\">melanie.habib@infobric.com<\/a> <br>\n<a href=\"tel:+46707887084\">+46(0)70 788 70 84<\/a><\/div>\n\t\t\t\t\t\t<\/div>\n\t\t\t\t\t\t\t\t\t\t\t\t\t\t\t\t\t\t\t<\/div>\n\t\t\t<\/div>\n\t\t<\/div>\n\t<\/div>\n\t\t\t\t\t\t<\/div>\n\t\t\t\t<\/div>\n\t\t\t\t<div class=\"elementor-element elementor-element-0ea3093 uael-shape-rounded elementor-widget__width-inherit uael-member-image-pos-above uael-team-member-align-center elementor-widget elementor-widget-uael-team-member\" data-id=\"0ea3093\" data-element_type=\"widget\" data-e-type=\"widget\" data-widget_type=\"uael-team-member.default\">\n\t\t\t\t<div class=\"elementor-widget-container\">\n\t\t\t\t\t\t\t<div class=\"uael-team-member\">\n\t\t\t<div class = \"uael-team-member-wrap\" >\n\t\t\t\t<div class=\"uael-member-wrap\" >\n\t\t\t\t\t\t\t\t\t\t\t\t<div class=\"uael-team-member-image\">\n\t\t\t\t\t\t\t<div class=elementor-animation-><img decoding=\"async\" width=\"600\" height=\"400\" src=\"https:\/\/www.jobsafe.se\/wp-content\/uploads\/2025\/10\/Johan-Olofsson.avif\" class=\"attachment-full size-full wp-image-32400\" alt=\"\" srcset=\"https:\/\/www.jobsafe.se\/wp-content\/uploads\/2025\/10\/Johan-Olofsson.avif 600w, https:\/\/www.jobsafe.se\/wp-content\/uploads\/2025\/10\/Johan-Olofsson-300x200.jpg 300w, https:\/\/www.jobsafe.se\/wp-content\/uploads\/2025\/10\/Johan-Olofsson-18x12.jpg 18w, https:\/\/www.jobsafe.se\/wp-content\/uploads\/2025\/10\/Johan-Olofsson-500x333.jpg 500w\" sizes=\"(max-width: 600px) 100vw, 600px\" \/><\/div>\t\t\t\t\t\t\t<\/div>\n\t\t\t\t\t\t\t\t\t\t\t\t\t\t\t<div class=\"uael-team-member-content\">\n\t\t\t\t\t\t\t\t\t\t\t<div class=\"uael-team-member-name\">\n\t\t\t\t\t\t<h3 class=\"uael-team-name\">Johan Olofsson<\/h3>\t\t\t\t\t\t<\/div>\n\t\t\t\t\t\t\t\t\t\t\t\t\t\t\t\t\t\t\t\t\t\t\t\t\t\t\t<div class=\"uael-team-member-designation\">\n\t\t\t\t\t\t\t<div class=\"uael-team-desig\">S\u00e4ljare\t\t\t\t\t\t\t<\/div>\n\t\t\t\t\t\t<\/div>\n\t\t\t\t\t\t\t\t\t\t\t\t\t\t\t\t\t\t\t\t\t\t\t\t\t\t\t<div class=\"uael-team-member-desc\">\n\t\t\t\t\t\t\t<div class=\"uael-team-desc\"><a href=\"mailto:johan.olofsson@infobric.com\">johan.olofsson@infobric.com<\/a> <br>\n<a href=\"tel:+46735227552\">+46(0)73 522 75 52<\/a><\/div>\n\t\t\t\t\t\t<\/div>\n\t\t\t\t\t\t\t\t\t\t\t\t\t\t\t\t\t\t\t<\/div>\n\t\t\t<\/div>\n\t\t<\/div>\n\t<\/div>\n\t\t\t\t\t\t<\/div>\n\t\t\t\t<\/div>\n\t\t\t\t<\/div>\n\t\t<div class=\"elementor-element elementor-element-547a93b e-con-full e-flex e-con e-child\" data-id=\"547a93b\" data-element_type=\"container\" data-e-type=\"container\">\n\t\t\t\t<div class=\"elementor-element elementor-element-27b442a uael-shape-rounded elementor-widget__width-inherit uael-member-image-pos-above uael-team-member-align-center elementor-widget elementor-widget-uael-team-member\" data-id=\"27b442a\" data-element_type=\"widget\" data-e-type=\"widget\" data-widget_type=\"uael-team-member.default\">\n\t\t\t\t<div class=\"elementor-widget-container\">\n\t\t\t\t\t\t\t<div class=\"uael-team-member\">\n\t\t\t<div class = \"uael-team-member-wrap\" >\n\t\t\t\t<div class=\"uael-member-wrap\" >\n\t\t\t\t\t\t\t\t\t\t\t\t<div class=\"uael-team-member-image\">\n\t\t\t\t\t\t\t<div class=elementor-animation-><img decoding=\"async\" width=\"867\" height=\"566\" src=\"https:\/\/www.jobsafe.se\/wp-content\/uploads\/2026\/01\/IMG_0420-red8.avif\" class=\"attachment-full size-full wp-image-35025\" alt=\"\" srcset=\"https:\/\/www.jobsafe.se\/wp-content\/uploads\/2026\/01\/IMG_0420-red8.avif 867w, https:\/\/www.jobsafe.se\/wp-content\/uploads\/2026\/01\/IMG_0420-red8-300x196.jpg 300w, https:\/\/www.jobsafe.se\/wp-content\/uploads\/2026\/01\/IMG_0420-red8-768x501.jpg 768w, https:\/\/www.jobsafe.se\/wp-content\/uploads\/2026\/01\/IMG_0420-red8-18x12.jpg 18w, https:\/\/www.jobsafe.se\/wp-content\/uploads\/2026\/01\/IMG_0420-red8-600x392.jpg 600w, https:\/\/www.jobsafe.se\/wp-content\/uploads\/2026\/01\/IMG_0420-red8-500x326.jpg 500w\" sizes=\"(max-width: 867px) 100vw, 867px\" \/><\/div>\t\t\t\t\t\t\t<\/div>\n\t\t\t\t\t\t\t\t\t\t\t\t\t\t\t<div class=\"uael-team-member-content\">\n\t\t\t\t\t\t\t\t\t\t\t<div class=\"uael-team-member-name\">\n\t\t\t\t\t\t<h3 class=\"uael-team-name\">Michelle Nilzon<\/h3>\t\t\t\t\t\t<\/div>\n\t\t\t\t\t\t\t\t\t\t\t\t\t\t\t\t\t\t\t\t\t\t\t\t\t\t\t<div class=\"uael-team-member-designation\">\n\t\t\t\t\t\t\t<div class=\"uael-team-desig\">S\u00e4ljare\t\t\t\t\t\t\t<\/div>\n\t\t\t\t\t\t<\/div>\n\t\t\t\t\t\t\t\t\t\t\t\t\t\t\t\t\t\t\t\t\t\t\t\t\t\t\t<div class=\"uael-team-member-desc\">\n\t\t\t\t\t\t\t<div class=\"uael-team-desc\"><a href=\"mailto:michelle.nilzon@infobric.com\">michelle.nilzon@infobric.com<\/a> <br>\n<a href=\"tel:+46735227554\">+46(0)73 522 75 54<\/a><\/div>\n\t\t\t\t\t\t<\/div>\n\t\t\t\t\t\t\t\t\t\t\t\t\t\t\t\t\t\t\t<\/div>\n\t\t\t<\/div>\n\t\t<\/div>\n\t<\/div>\n\t\t\t\t\t\t<\/div>\n\t\t\t\t<\/div>\n\t\t\t\t<div class=\"elementor-element elementor-element-5d5ff45 uael-shape-rounded elementor-widget__width-inherit uael-member-image-pos-above uael-team-member-align-center elementor-widget elementor-widget-uael-team-member\" data-id=\"5d5ff45\" data-element_type=\"widget\" data-e-type=\"widget\" data-widget_type=\"uael-team-member.default\">\n\t\t\t\t<div class=\"elementor-widget-container\">\n\t\t\t\t\t\t\t<div class=\"uael-team-member\">\n\t\t\t<div class = \"uael-team-member-wrap\" >\n\t\t\t\t<div class=\"uael-member-wrap\" >\n\t\t\t\t\t\t\t\t\t\t\t\t<div class=\"uael-team-member-image\">\n\t\t\t\t\t\t\t<div class=elementor-animation-><img loading=\"lazy\" decoding=\"async\" width=\"867\" height=\"566\" src=\"https:\/\/www.jobsafe.se\/wp-content\/uploads\/2026\/01\/IMG_0338-red4.avif\" class=\"attachment-full size-full wp-image-35026\" alt=\"\" srcset=\"https:\/\/www.jobsafe.se\/wp-content\/uploads\/2026\/01\/IMG_0338-red4.avif 867w, https:\/\/www.jobsafe.se\/wp-content\/uploads\/2026\/01\/IMG_0338-red4-300x196.jpg 300w, https:\/\/www.jobsafe.se\/wp-content\/uploads\/2026\/01\/IMG_0338-red4-768x501.jpg 768w, https:\/\/www.jobsafe.se\/wp-content\/uploads\/2026\/01\/IMG_0338-red4-18x12.jpg 18w, https:\/\/www.jobsafe.se\/wp-content\/uploads\/2026\/01\/IMG_0338-red4-600x392.jpg 600w, https:\/\/www.jobsafe.se\/wp-content\/uploads\/2026\/01\/IMG_0338-red4-500x326.jpg 500w\" sizes=\"(max-width: 867px) 100vw, 867px\" \/><\/div>\t\t\t\t\t\t\t<\/div>\n\t\t\t\t\t\t\t\t\t\t\t\t\t\t\t<div class=\"uael-team-member-content\">\n\t\t\t\t\t\t\t\t\t\t\t<div class=\"uael-team-member-name\">\n\t\t\t\t\t\t<h3 class=\"uael-team-name\">Soheil Hoveida<\/h3>\t\t\t\t\t\t<\/div>\n\t\t\t\t\t\t\t\t\t\t\t\t\t\t\t\t\t\t\t\t\t\t\t\t\t\t\t<div class=\"uael-team-member-designation\">\n\t\t\t\t\t\t\t<div class=\"uael-team-desig\">S\u00e4ljare\t\t\t\t\t\t\t<\/div>\n\t\t\t\t\t\t<\/div>\n\t\t\t\t\t\t\t\t\t\t\t\t\t\t\t\t\t\t\t\t\t\t\t\t\t\t\t<div class=\"uael-team-member-desc\">\n\t\t\t\t\t\t\t<div class=\"uael-team-desc\"><a href=\"mailto:soheil.hoveida@infobric.com\">soheil.hoveida@infobric.com<\/a> <br>\n<a href=\"tel:+46735227557\">+46(0)73 522 75 57<\/a><\/div>\n\t\t\t\t\t\t<\/div>\n\t\t\t\t\t\t\t\t\t\t\t\t\t\t\t\t\t\t\t<\/div>\n\t\t\t<\/div>\n\t\t<\/div>\n\t<\/div>\n\t\t\t\t\t\t<\/div>\n\t\t\t\t<\/div>\n\t\t\t\t<\/div>\n\t\t\t\t<\/div>\n\t\t\t\t<\/div>\n\t\t\t\t\t<\/div>\n\t\t\t\t<\/div>\n\t\t\t\t<\/div>\n\t\t","protected":false},"excerpt":{"rendered":"<p>Just nu spara 30% p\u00e5 alla onlineutbildningar! Support Chatt &amp; Hj\u00e4lpartiklar support@infobric.se 010\u201370 95 100 Beh\u00f6ver du v\u00e4gledning? V\u00e5rt s\u00e4ljteam finns h\u00e4r f\u00f6r att hj\u00e4lpa dig. Melanie Habib S\u00e4ljare melanie.habib@infobric.com +46(0)70 788 70 84 Johan Olofsson S\u00e4ljare johan.olofsson@infobric.com +46(0)73 522 75 52 Michelle Nilzon S\u00e4ljare michelle.nilzon@infobric.com +46(0)73 522 75 54 Soheil Hoveida S\u00e4ljare soheil.hoveida@infobric.com +46(0)73 [&hellip;]<\/p>\n","protected":false},"author":5,"featured_media":0,"parent":0,"menu_order":0,"comment_status":"closed","ping_status":"closed","template":"","meta":{"_acf_changed":false,"footnotes":""},"class_list":["post-421","page","type-page","status-publish","hentry"],"acf":[],"yoast_head":"<!-- This site is optimized with the Yoast SEO Premium plugin v27.5 (Yoast SEO v27.5) - https:\/\/yoast.com\/product\/yoast-seo-premium-wordpress\/ -->\n<title>Kontakta oss - Jobsafe<\/title>\n<meta name=\"robots\" content=\"index, follow, max-snippet:-1, max-image-preview:large, max-video-preview:-1\" \/>\n<link rel=\"canonical\" href=\"https:\/\/www.jobsafe.se\/sv\/kontakta-oss\/\" \/>\n<meta property=\"og:locale\" content=\"sv_SE\" \/>\n<meta property=\"og:type\" content=\"article\" \/>\n<meta property=\"og:title\" content=\"Kontakta oss\" \/>\n<meta property=\"og:description\" content=\"Just nu spara 30% p\u00e5 alla onlineutbildningar! Support Chatt &amp; Hj\u00e4lpartiklar support@infobric.se 010\u201370 95 100 Beh\u00f6ver du v\u00e4gledning? V\u00e5rt s\u00e4ljteam finns h\u00e4r f\u00f6r att hj\u00e4lpa dig. Melanie Habib S\u00e4ljare melanie.habib@infobric.com +46(0)70 788 70 84 Johan Olofsson S\u00e4ljare johan.olofsson@infobric.com +46(0)73 522 75 52 Michelle Nilzon S\u00e4ljare michelle.nilzon@infobric.com +46(0)73 522 75 54 Soheil Hoveida S\u00e4ljare soheil.hoveida@infobric.com +46(0)73 [&hellip;]\" \/>\n<meta property=\"og:url\" content=\"https:\/\/www.jobsafe.se\/sv\/kontakta-oss\/\" \/>\n<meta property=\"og:site_name\" content=\"Jobsafe\" \/>\n<meta property=\"article:publisher\" content=\"https:\/\/www.facebook.com\/jobsafesverige\" \/>\n<meta property=\"article:modified_time\" content=\"2026-01-27T14:38:55+00:00\" \/>\n<meta property=\"og:image\" content=\"https:\/\/www.jobsafe.se\/wp-content\/uploads\/2026\/01\/IMG_0169-red3-1.avif\" \/>\n<meta name=\"twitter:card\" content=\"summary_large_image\" \/>\n<script type=\"application\/ld+json\" class=\"yoast-schema-graph\">{\"@context\":\"https:\\\/\\\/schema.org\",\"@graph\":[{\"@type\":\"WebPage\",\"@id\":\"https:\\\/\\\/www.jobsafe.se\\\/kontakta-oss\\\/\",\"url\":\"https:\\\/\\\/www.jobsafe.se\\\/kontakta-oss\\\/\",\"name\":\"Kontakta oss - Jobsafe\",\"isPartOf\":{\"@id\":\"https:\\\/\\\/www.jobsafe.se\\\/#website\"},\"primaryImageOfPage\":{\"@id\":\"https:\\\/\\\/www.jobsafe.se\\\/kontakta-oss\\\/#primaryimage\"},\"image\":{\"@id\":\"https:\\\/\\\/www.jobsafe.se\\\/kontakta-oss\\\/#primaryimage\"},\"thumbnailUrl\":\"https:\\\/\\\/www.jobsafe.se\\\/wp-content\\\/uploads\\\/2026\\\/01\\\/IMG_0169-red3-1.avif\",\"datePublished\":\"2021-04-21T14:46:11+00:00\",\"dateModified\":\"2026-01-27T14:38:55+00:00\",\"breadcrumb\":{\"@id\":\"https:\\\/\\\/www.jobsafe.se\\\/kontakta-oss\\\/#breadcrumb\"},\"inLanguage\":\"sv-SE\",\"potentialAction\":[{\"@type\":\"ReadAction\",\"target\":[\"https:\\\/\\\/www.jobsafe.se\\\/kontakta-oss\\\/\"]}]},{\"@type\":\"ImageObject\",\"inLanguage\":\"sv-SE\",\"@id\":\"https:\\\/\\\/www.jobsafe.se\\\/kontakta-oss\\\/#primaryimage\",\"url\":\"https:\\\/\\\/www.jobsafe.se\\\/wp-content\\\/uploads\\\/2026\\\/01\\\/IMG_0169-red3-1.avif\",\"contentUrl\":\"https:\\\/\\\/www.jobsafe.se\\\/wp-content\\\/uploads\\\/2026\\\/01\\\/IMG_0169-red3-1.avif\"},{\"@type\":\"BreadcrumbList\",\"@id\":\"https:\\\/\\\/www.jobsafe.se\\\/kontakta-oss\\\/#breadcrumb\",\"itemListElement\":[{\"@type\":\"ListItem\",\"position\":1,\"name\":\"Hem\",\"item\":\"https:\\\/\\\/www.jobsafe.se\\\/sv\\\/\"},{\"@type\":\"ListItem\",\"position\":2,\"name\":\"Kontakta oss\"}]},{\"@type\":\"WebSite\",\"@id\":\"https:\\\/\\\/www.jobsafe.se\\\/#website\",\"url\":\"https:\\\/\\\/www.jobsafe.se\\\/\",\"name\":\"Jobsafe\",\"description\":\"Utbildningar f\u00f6r en s\u00e4ker arbetsplats\",\"publisher\":{\"@id\":\"https:\\\/\\\/www.jobsafe.se\\\/#organization\"},\"potentialAction\":[{\"@type\":\"SearchAction\",\"target\":{\"@type\":\"EntryPoint\",\"urlTemplate\":\"https:\\\/\\\/www.jobsafe.se\\\/?s={search_term_string}\"},\"query-input\":{\"@type\":\"PropertyValueSpecification\",\"valueRequired\":true,\"valueName\":\"search_term_string\"}}],\"inLanguage\":\"sv-SE\"},{\"@type\":\"Organization\",\"@id\":\"https:\\\/\\\/www.jobsafe.se\\\/#organization\",\"name\":\"JobSafe EdTech AB\",\"url\":\"https:\\\/\\\/www.jobsafe.se\\\/\",\"logo\":{\"@type\":\"ImageObject\",\"inLanguage\":\"sv-SE\",\"@id\":\"https:\\\/\\\/www.jobsafe.se\\\/#\\\/schema\\\/logo\\\/image\\\/\",\"url\":\"https:\\\/\\\/www.jobsafe.se\\\/wp-content\\\/uploads\\\/2025\\\/10\\\/js-logo-2026.svg\",\"contentUrl\":\"https:\\\/\\\/www.jobsafe.se\\\/wp-content\\\/uploads\\\/2025\\\/10\\\/js-logo-2026.svg\",\"width\":683,\"height\":544,\"caption\":\"JobSafe EdTech AB\"},\"image\":{\"@id\":\"https:\\\/\\\/www.jobsafe.se\\\/#\\\/schema\\\/logo\\\/image\\\/\"},\"sameAs\":[\"https:\\\/\\\/www.facebook.com\\\/jobsafesverige\"]}]}<\/script>\n<!-- \/ Yoast SEO Premium plugin. -->","yoast_head_json":{"title":"Kontakta oss - Jobsafe","robots":{"index":"index","follow":"follow","max-snippet":"max-snippet:-1","max-image-preview":"max-image-preview:large","max-video-preview":"max-video-preview:-1"},"canonical":"https:\/\/www.jobsafe.se\/sv\/kontakta-oss\/","og_locale":"sv_SE","og_type":"article","og_title":"Kontakta oss","og_description":"Just nu spara 30% p\u00e5 alla onlineutbildningar! Support Chatt &amp; Hj\u00e4lpartiklar support@infobric.se 010\u201370 95 100 Beh\u00f6ver du v\u00e4gledning? V\u00e5rt s\u00e4ljteam finns h\u00e4r f\u00f6r att hj\u00e4lpa dig. Melanie Habib S\u00e4ljare melanie.habib@infobric.com +46(0)70 788 70 84 Johan Olofsson S\u00e4ljare johan.olofsson@infobric.com +46(0)73 522 75 52 Michelle Nilzon S\u00e4ljare michelle.nilzon@infobric.com +46(0)73 522 75 54 Soheil Hoveida S\u00e4ljare soheil.hoveida@infobric.com +46(0)73 [&hellip;]","og_url":"https:\/\/www.jobsafe.se\/sv\/kontakta-oss\/","og_site_name":"Jobsafe","article_publisher":"https:\/\/www.facebook.com\/jobsafesverige","article_modified_time":"2026-01-27T14:38:55+00:00","og_image":[{"url":"https:\/\/www.jobsafe.se\/wp-content\/uploads\/2026\/01\/IMG_0169-red3-1.avif","type":"","width":"","height":""}],"twitter_card":"summary_large_image","schema":{"@context":"https:\/\/schema.org","@graph":[{"@type":"WebPage","@id":"https:\/\/www.jobsafe.se\/kontakta-oss\/","url":"https:\/\/www.jobsafe.se\/kontakta-oss\/","name":"Kontakta oss - Jobsafe","isPartOf":{"@id":"https:\/\/www.jobsafe.se\/#website"},"primaryImageOfPage":{"@id":"https:\/\/www.jobsafe.se\/kontakta-oss\/#primaryimage"},"image":{"@id":"https:\/\/www.jobsafe.se\/kontakta-oss\/#primaryimage"},"thumbnailUrl":"https:\/\/www.jobsafe.se\/wp-content\/uploads\/2026\/01\/IMG_0169-red3-1.avif","datePublished":"2021-04-21T14:46:11+00:00","dateModified":"2026-01-27T14:38:55+00:00","breadcrumb":{"@id":"https:\/\/www.jobsafe.se\/kontakta-oss\/#breadcrumb"},"inLanguage":"sv-SE","potentialAction":[{"@type":"ReadAction","target":["https:\/\/www.jobsafe.se\/kontakta-oss\/"]}]},{"@type":"ImageObject","inLanguage":"sv-SE","@id":"https:\/\/www.jobsafe.se\/kontakta-oss\/#primaryimage","url":"https:\/\/www.jobsafe.se\/wp-content\/uploads\/2026\/01\/IMG_0169-red3-1.avif","contentUrl":"https:\/\/www.jobsafe.se\/wp-content\/uploads\/2026\/01\/IMG_0169-red3-1.avif"},{"@type":"BreadcrumbList","@id":"https:\/\/www.jobsafe.se\/kontakta-oss\/#breadcrumb","itemListElement":[{"@type":"ListItem","position":1,"name":"Hem","item":"https:\/\/www.jobsafe.se\/sv\/"},{"@type":"ListItem","position":2,"name":"Kontakta oss"}]},{"@type":"WebSite","@id":"https:\/\/www.jobsafe.se\/#website","url":"https:\/\/www.jobsafe.se\/","name":"Jobsafe","description":"Utbildningar f\u00f6r en s\u00e4ker arbetsplats","publisher":{"@id":"https:\/\/www.jobsafe.se\/#organization"},"potentialAction":[{"@type":"SearchAction","target":{"@type":"EntryPoint","urlTemplate":"https:\/\/www.jobsafe.se\/?s={search_term_string}"},"query-input":{"@type":"PropertyValueSpecification","valueRequired":true,"valueName":"search_term_string"}}],"inLanguage":"sv-SE"},{"@type":"Organization","@id":"https:\/\/www.jobsafe.se\/#organization","name":"JobSafe EdTech AB","url":"https:\/\/www.jobsafe.se\/","logo":{"@type":"ImageObject","inLanguage":"sv-SE","@id":"https:\/\/www.jobsafe.se\/#\/schema\/logo\/image\/","url":"https:\/\/www.jobsafe.se\/wp-content\/uploads\/2025\/10\/js-logo-2026.svg","contentUrl":"https:\/\/www.jobsafe.se\/wp-content\/uploads\/2025\/10\/js-logo-2026.svg","width":683,"height":544,"caption":"JobSafe EdTech AB"},"image":{"@id":"https:\/\/www.jobsafe.se\/#\/schema\/logo\/image\/"},"sameAs":["https:\/\/www.facebook.com\/jobsafesverige"]}]}},"_links":{"self":[{"href":"https:\/\/www.jobsafe.se\/sv\/wp-json\/wp\/v2\/pages\/421","targetHints":{"allow":["GET"]}}],"collection":[{"href":"https:\/\/www.jobsafe.se\/sv\/wp-json\/wp\/v2\/pages"}],"about":[{"href":"https:\/\/www.jobsafe.se\/sv\/wp-json\/wp\/v2\/types\/page"}],"author":[{"embeddable":true,"href":"https:\/\/www.jobsafe.se\/sv\/wp-json\/wp\/v2\/users\/5"}],"replies":[{"embeddable":true,"href":"https:\/\/www.jobsafe.se\/sv\/wp-json\/wp\/v2\/comments?post=421"}],"version-history":[{"count":224,"href":"https:\/\/www.jobsafe.se\/sv\/wp-json\/wp\/v2\/pages\/421\/revisions"}],"predecessor-version":[{"id":35748,"href":"https:\/\/www.jobsafe.se\/sv\/wp-json\/wp\/v2\/pages\/421\/revisions\/35748"}],"wp:attachment":[{"href":"https:\/\/www.jobsafe.se\/sv\/wp-json\/wp\/v2\/media?parent=421"}],"curies":[{"name":"wp","href":"https:\/\/api.w.org\/{rel}","templated":true}]}}